{"id":8,"date":"2023-08-31T00:02:03","date_gmt":"2023-08-31T00:02:03","guid":{"rendered":"https:\/\/aire-acondicionado-colombia.com\/?page_id=8"},"modified":"2024-05-23T21:12:42","modified_gmt":"2024-05-23T21:12:42","slug":"climatizacion","status":"publish","type":"page","link":"https:\/\/aire-acondicionado-colombia.com\/","title":{"rendered":"climatizaci\u00f3n"},"content":{"rendered":"<p>[et_pb_section fb_built=\u00bb1&#8243; _builder_version=\u00bb4.21.0&#8243; _module_preset=\u00bbdefault\u00bb module_alignment=\u00bbcenter\u00bb custom_css_main_element=\u00bbheight; 550px;\u00bb global_colors_info=\u00bb{}\u00bb][et_pb_row _builder_version=\u00bb4.21.0&#8243; _module_preset=\u00bbdefault\u00bb global_colors_info=\u00bb{}\u00bb][et_pb_column type=\u00bb4_4&#8243; _builder_version=\u00bb4.21.0&#8243; _module_preset=\u00bbdefault\u00bb global_colors_info=\u00bb{}\u00bb][et_pb_slider arrows_custom_color=\u00bb#EDF000&#8243; dot_nav_custom_color=\u00bb#EDF000&#8243; _builder_version=\u00bb4.21.0&#8243; _module_preset=\u00bbdefault\u00bb header_text_color=\u00bb#8324DB\u00bb header_font_size=\u00bb30px\u00bb body_text_color=\u00bb#0C71C3&#8243; body_font_size=\u00bb17px\u00bb global_colors_info=\u00bb{}\u00bb][et_pb_slide heading=\u00bbINSTALACION\u00bb button_text=\u00bbVer mas\u00bb button_link=\u00bbhttps:\/\/www.symaa.net\/instalacion-de-equipos-de-aire-acondicionado\/\u00bb _builder_version=\u00bb4.21.0&#8243; _module_preset=\u00bbdefault\u00bb header_text_align=\u00bbcenter\u00bb header_text_color=\u00bb#EDF000&#8243; header_font_size=\u00bb35px\u00bb body_font_size=\u00bb17px\u00bb background_image=\u00bbhttps:\/\/aire-acondicionado-colombia.com\/wp-content\/uploads\/2023\/08\/SDC14525-2.jpg\u00bb background_enable_image=\u00bbon\u00bb text_orientation=\u00bbcenter\u00bb link_option_url=\u00bbhttps:\/\/www.symaa.net\/instalacion-de-equipos-de-aire-acondicionado\/\u00bb global_colors_info=\u00bb{}\u00bb sticky_transition=\u00bbon\u00bb]<\/p>\n<p><span style=\"color: #ffffff;\"><strong>Instalaci\u00f3n de equipos de aire acondicionado y ventilaci\u00f3n mec\u00e1nica<\/strong><\/span><\/p>\n<p>[\/et_pb_slide][et_pb_slide heading=\u00bbCONDUCTOS DE AIRE\u00bb button_text=\u00bbVer mas\u00bb button_link=\u00bbhttps:\/\/www.symaa.net\/fabricacion-de-ductos-de-aire-acondicionado\/\u00bb _builder_version=\u00bb4.21.0&#8243; _module_preset=\u00bbdefault\u00bb header_text_color=\u00bb#EDF000&#8243; header_font_size=\u00bb35px\u00bb body_font_size=\u00bb17px\u00bb background_image=\u00bbhttps:\/\/aire-acondicionado-colombia.com\/wp-content\/uploads\/2023\/08\/TDCX3.jpeg\u00bb background_enable_image=\u00bbon\u00bb link_option_url=\u00bbhttps:\/\/www.symaa.net\/fabricacion-de-ductos-de-aire-acondicionado\/\u00bb global_colors_info=\u00bb{}\u00bb sticky_transition=\u00bbon\u00bb]<\/p>\n<p><span style=\"color: #ffffff;\"><strong>Fabricaci\u00f3n e instalaci\u00f3n de conductos met\u00e1licos, fibra de vidrio, PIRALI, textiles<\/strong><\/span><\/p>\n<p>[\/et_pb_slide][et_pb_slide heading=\u00bbVENTA DE EQUIPOS\u00bb button_text=\u00bbVer Mas\u00bb button_link=\u00bbhttps:\/\/www.symaa.net\/climatizacion\/\u00bb _builder_version=\u00bb4.21.0&#8243; _module_preset=\u00bbdefault\u00bb header_text_align=\u00bbcenter\u00bb header_text_color=\u00bb#8300E9&#8243; header_font_size=\u00bb35px\u00bb body_text_align=\u00bbcenter\u00bb body_text_color=\u00bb#0C71C3&#8243; body_font_size=\u00bb17px\u00bb background_image=\u00bbhttps:\/\/aire-acondicionado-colombia.com\/wp-content\/uploads\/2023\/08\/York.jpg\u00bb background_enable_image=\u00bbon\u00bb text_orientation=\u00bbcenter\u00bb link_option_url=\u00bbhttps:\/\/www.symaa.net\/climatizacion\/\u00bb global_colors_info=\u00bb{}\u00bb sticky_transition=\u00bbon\u00bb]<\/p>\n<p><span style=\"color: #ffff00;\"><strong>Venta de equipos de aire acondicionado para aplicaciones comerciales, industriales y residenciales<\/strong><\/span><\/p>\n<p>[\/et_pb_slide][et_pb_slide heading=\u00bbVENTILACION MECANICA\u00bb button_text=\u00bbVer mas\u00bb button_link=\u00bbhttps:\/\/www.symaa.net\/ventilacion-mecanica\/\u00bb _builder_version=\u00bb4.21.0&#8243; _module_preset=\u00bbdefault\u00bb header_text_color=\u00bb#7CDA24&#8243; header_font_size=\u00bb35px\u00bb body_text_color=\u00bb#EDF000&#8243; body_font_size=\u00bb17px\u00bb background_image=\u00bbhttps:\/\/aire-acondicionado-colombia.com\/wp-content\/uploads\/2023\/08\/uvs-e1693703846882.jpg\u00bb background_enable_image=\u00bbon\u00bb link_option_url=\u00bbhttps:\/\/www.symaa.net\/ventilacion-mecanica\/\u00bb global_colors_info=\u00bb{}\u00bb sticky_transition=\u00bbon\u00bb]<\/p>\n<p><strong>Venta e instalaciones de equipos de ventilaci\u00f3n mec\u00e1nica para aplicaciones comerciales e industriales<\/strong><\/p>\n<p>[\/et_pb_slide][et_pb_slide heading=\u00bbDISE\u00d1O\u00bb button_text=\u00bbVer mas\u00bb button_link=\u00bbhttps:\/\/www.symaa.net\/diseno-de-sistemas-de-aire-acondicionado\/\u00bb _builder_version=\u00bb4.21.0&#8243; _module_preset=\u00bbdefault\u00bb header_text_align=\u00bbcenter\u00bb header_text_color=\u00bb#8324DB\u00bb background_image=\u00bbhttps:\/\/aire-acondicionado-colombia.com\/wp-content\/uploads\/2023\/09\/Revit.png\u00bb background_enable_image=\u00bbon\u00bb custom_button=\u00bbon\u00bb button_text_color=\u00bb#0C71C3&#8243; link_option_url=\u00bbhttps:\/\/www.symaa.net\/diseno-de-sistemas-de-aire-acondicionado\/\u00bb global_colors_info=\u00bb{}\u00bb sticky_transition=\u00bbon\u00bb][\/et_pb_slide][et_pb_slide heading=\u00bbMANTENIMIENTO\u00bb button_text=\u00bbClics\u00bb image=\u00bbhttps:\/\/aire-acondicionado-colombia.com\/wp-content\/uploads\/2024\/05\/MTTO1.jpeg\u00bb _builder_version=\u00bb4.21.0&#8243; _module_preset=\u00bbdefault\u00bb background_color=\u00bb#FFFFFF\u00bb background_enable_color=\u00bbon\u00bb link_option_url=\u00bbhttps:\/\/www.symaa.net\/mantenimiento-sistemas-de-aire-acondicionado\/\u00bb border_radii_image=\u00bboff||||\u00bb global_colors_info=\u00bb{}\u00bb sticky_transition=\u00bbon\u00bb]<\/p>\n<p>Mantenimiento preventivo, correctivo y asistencia t\u00e9cnica de emergencia<\/p>\n<p>[\/et_pb_slide][\/et_pb_slider][\/et_pb_column][\/et_pb_row][\/et_pb_section][et_pb_section fb_built=\u00bb1&#8243; _builder_version=\u00bb4.21.0&#8243; _module_preset=\u00bbdefault\u00bb min_height=\u00bb319.6px\u00bb custom_padding=\u00bb||0px|||\u00bb global_colors_info=\u00bb{}\u00bb][et_pb_row column_structure=\u00bb1_3,1_3,1_3&#8243; _builder_version=\u00bb4.21.0&#8243; _module_preset=\u00bbdefault\u00bb global_colors_info=\u00bb{}\u00bb][et_pb_column type=\u00bb1_3&#8243; _builder_version=\u00bb4.21.0&#8243; _module_preset=\u00bbdefault\u00bb global_colors_info=\u00bb{}\u00bb][et_pb_image src=\u00bbhttps:\/\/aire-acondicionado-colombia.com\/wp-content\/uploads\/2023\/08\/AAsplit-e1693608109744.jpg\u00bb alt=\u00bbVENTA EQUIPOS\u00bb title_text=\u00bbAire Acondicionado\u00bb url=\u00bbhttps:\/\/www.symaa.net\/climatizacion\/\u00bb align=\u00bbcenter\u00bb force_fullwidth=\u00bbon\u00bb _builder_version=\u00bb4.21.0&#8243; _module_preset=\u00bbdefault\u00bb global_colors_info=\u00bb{}\u00bb][\/et_pb_image][\/et_pb_column][et_pb_column type=\u00bb1_3&#8243; _builder_version=\u00bb4.21.0&#8243; _module_preset=\u00bbdefault\u00bb global_colors_info=\u00bb{}\u00bb][et_pb_image src=\u00bbhttps:\/\/aire-acondicionado-colombia.com\/wp-content\/uploads\/2023\/08\/VH15.jpeg\u00bb alt=\u00bbVENTILACION MECANICA\u00bb title_text=\u00bbVentilacion Mecanica\u00bb url=\u00bbhttps:\/\/www.symaa.net\/ventilacion-mecanica\/\u00bb align=\u00bbcenter\u00bb force_fullwidth=\u00bbon\u00bb _builder_version=\u00bb4.21.0&#8243; _module_preset=\u00bbdefault\u00bb global_colors_info=\u00bb{}\u00bb][\/et_pb_image][\/et_pb_column][et_pb_column type=\u00bb1_3&#8243; _builder_version=\u00bb4.21.0&#8243; _module_preset=\u00bbdefault\u00bb global_colors_info=\u00bb{}\u00bb][et_pb_image src=\u00bbhttps:\/\/aire-acondicionado-colombia.com\/wp-content\/uploads\/2023\/08\/IMG_2559-scaled.jpg\u00bb alt=\u00bbCAMPANAS EXTRACCION\u00bb title_text=\u00bbConductos y campanas\u00bb url=\u00bbhttps:\/\/www.symaa.net\/fabricacion-de-ductos-de-aire-acondicionado\/\u00bb align=\u00bbcenter\u00bb force_fullwidth=\u00bbon\u00bb _builder_version=\u00bb4.21.0&#8243; _module_preset=\u00bbdefault\u00bb global_colors_info=\u00bb{}\u00bb][\/et_pb_image][\/et_pb_column][\/et_pb_row][\/et_pb_section][et_pb_section fb_built=\u00bb1&#8243; _builder_version=\u00bb4.21.0&#8243; _module_preset=\u00bbdefault\u00bb custom_padding=\u00bb0px||3px|||\u00bb global_colors_info=\u00bb{}\u00bb][et_pb_row _builder_version=\u00bb4.21.0&#8243; _module_preset=\u00bbdefault\u00bb global_colors_info=\u00bb{}\u00bb][et_pb_column type=\u00bb4_4&#8243; _builder_version=\u00bb4.21.0&#8243; _module_preset=\u00bbdefault\u00bb global_colors_info=\u00bb{}\u00bb][et_pb_text _builder_version=\u00bb4.21.0&#8243; _module_preset=\u00bbdefault\u00bb custom_padding=\u00bb||0px|||\u00bb global_colors_info=\u00bb{}\u00bb]<\/p>\n<h2 style=\"text-align: center;\"><span style=\"color: #000080;\"><strong>FORMULARIO DE CONTACTO<\/strong><\/span><\/h2>\n<p>[\/et_pb_text][\/et_pb_column][\/et_pb_row][et_pb_row _builder_version=\u00bb4.21.0&#8243; _module_preset=\u00bbdefault\u00bb global_colors_info=\u00bb{}\u00bb][et_pb_column type=\u00bb4_4&#8243; _builder_version=\u00bb4.21.0&#8243; _module_preset=\u00bbdefault\u00bb global_colors_info=\u00bb{}\u00bb][et_pb_contact_form email=\u00bbcontacto@aire-acondicionado-colombia.com\u00bb _builder_version=\u00bb4.21.0&#8243; _module_preset=\u00bbdefault\u00bb _unique_id=\u00bb4c7c61e3-dd3b-47de-a4ff-305e4d5a0715&#8243; global_colors_info=\u00bb{}\u00bb][et_pb_contact_field field_id=\u00bbName\u00bb field_title=\u00bbNombre\u00bb _builder_version=\u00bb4.16&#8243; global_colors_info=\u00bb{}\u00bb button_text_size__hover_enabled=\u00bboff\u00bb button_one_text_size__hover_enabled=\u00bboff\u00bb button_two_text_size__hover_enabled=\u00bboff\u00bb button_text_color__hover_enabled=\u00bboff\u00bb button_one_text_color__hover_enabled=\u00bboff\u00bb button_two_text_color__hover_enabled=\u00bboff\u00bb button_border_width__hover_enabled=\u00bboff\u00bb button_one_border_width__hover_enabled=\u00bboff\u00bb button_two_border_width__hover_enabled=\u00bboff\u00bb button_border_color__hover_enabled=\u00bboff\u00bb button_one_border_color__hover_enabled=\u00bboff\u00bb button_two_border_color__hover_enabled=\u00bboff\u00bb button_border_radius__hover_enabled=\u00bboff\u00bb button_one_border_radius__hover_enabled=\u00bboff\u00bb button_two_border_radius__hover_enabled=\u00bboff\u00bb button_letter_spacing__hover_enabled=\u00bboff\u00bb button_one_letter_spacing__hover_enabled=\u00bboff\u00bb button_two_letter_spacing__hover_enabled=\u00bboff\u00bb button_bg_color__hover_enabled=\u00bboff\u00bb button_one_bg_color__hover_enabled=\u00bboff\u00bb button_two_bg_color__hover_enabled=\u00bboff\u00bb][\/et_pb_contact_field][et_pb_contact_field field_id=\u00bbEmail\u00bb field_title=\u00bbDirecci\u00f3n de correo electr\u00f3nico\u00bb field_type=\u00bbemail\u00bb _builder_version=\u00bb4.16&#8243; global_colors_info=\u00bb{}\u00bb button_text_size__hover_enabled=\u00bboff\u00bb button_one_text_size__hover_enabled=\u00bboff\u00bb button_two_text_size__hover_enabled=\u00bboff\u00bb button_text_color__hover_enabled=\u00bboff\u00bb button_one_text_color__hover_enabled=\u00bboff\u00bb button_two_text_color__hover_enabled=\u00bboff\u00bb button_border_width__hover_enabled=\u00bboff\u00bb button_one_border_width__hover_enabled=\u00bboff\u00bb button_two_border_width__hover_enabled=\u00bboff\u00bb button_border_color__hover_enabled=\u00bboff\u00bb button_one_border_color__hover_enabled=\u00bboff\u00bb button_two_border_color__hover_enabled=\u00bboff\u00bb button_border_radius__hover_enabled=\u00bboff\u00bb button_one_border_radius__hover_enabled=\u00bboff\u00bb button_two_border_radius__hover_enabled=\u00bboff\u00bb button_letter_spacing__hover_enabled=\u00bboff\u00bb button_one_letter_spacing__hover_enabled=\u00bboff\u00bb button_two_letter_spacing__hover_enabled=\u00bboff\u00bb button_bg_color__hover_enabled=\u00bboff\u00bb button_one_bg_color__hover_enabled=\u00bboff\u00bb button_two_bg_color__hover_enabled=\u00bboff\u00bb][\/et_pb_contact_field][et_pb_contact_field field_id=\u00bbMessage\u00bb field_title=\u00bbMensaje\u00bb field_type=\u00bbtext\u00bb fullwidth_field=\u00bbon\u00bb _builder_version=\u00bb4.16&#8243; global_colors_info=\u00bb{}\u00bb button_text_size__hover_enabled=\u00bboff\u00bb button_one_text_size__hover_enabled=\u00bboff\u00bb button_two_text_size__hover_enabled=\u00bboff\u00bb button_text_color__hover_enabled=\u00bboff\u00bb button_one_text_color__hover_enabled=\u00bboff\u00bb button_two_text_color__hover_enabled=\u00bboff\u00bb button_border_width__hover_enabled=\u00bboff\u00bb button_one_border_width__hover_enabled=\u00bboff\u00bb button_two_border_width__hover_enabled=\u00bboff\u00bb button_border_color__hover_enabled=\u00bboff\u00bb button_one_border_color__hover_enabled=\u00bboff\u00bb button_two_border_color__hover_enabled=\u00bboff\u00bb button_border_radius__hover_enabled=\u00bboff\u00bb button_one_border_radius__hover_enabled=\u00bboff\u00bb button_two_border_radius__hover_enabled=\u00bboff\u00bb button_letter_spacing__hover_enabled=\u00bboff\u00bb button_one_letter_spacing__hover_enabled=\u00bboff\u00bb button_two_letter_spacing__hover_enabled=\u00bboff\u00bb button_bg_color__hover_enabled=\u00bboff\u00bb button_one_bg_color__hover_enabled=\u00bboff\u00bb button_two_bg_color__hover_enabled=\u00bboff\u00bb][\/et_pb_contact_field][\/et_pb_contact_form][\/et_pb_column][\/et_pb_row][\/et_pb_section]<\/p>\n","protected":false},"excerpt":{"rendered":"<p>Instalaci\u00f3n de equipos de aire acondicionado y ventilaci\u00f3n mec\u00e1nicaFabricaci\u00f3n e instalaci\u00f3n de conductos met\u00e1licos, fibra de vidrio, PIRALI, textilesVenta de equipos de aire acondicionado para aplicaciones comerciales, industriales y residencialesVenta e instalaciones de equipos de ventilaci\u00f3n mec\u00e1nica para aplicaciones comerciales e industrialesMantenimiento preventivo, correctivo y asistencia t\u00e9cnica de emergenciaFORMULARIO DE CONTACTO<\/p>\n","protected":false},"author":1,"featured_media":0,"parent":0,"menu_order":0,"comment_status":"closed","ping_status":"closed","template":"","meta":{"_et_pb_use_builder":"on","_et_pb_old_content":"","_et_gb_content_width":"","footnotes":""},"class_list":["post-8","page","type-page","status-publish","hentry"],"yoast_head":"<!-- This site is optimized with the Yoast SEO plugin v27.4 - https:\/\/yoast.com\/product\/yoast-seo-wordpress\/ -->\n<title>climatizaci\u00f3n - Aire Acondicionado Colombia<\/title>\n<meta name=\"description\" content=\"Sistemas de ventilaci\u00f3n mec\u00e1nica y aire acondicionado, Venta de equipos, Instalaci\u00f3n, Mantenimiento, Dise\u00f1o y Asesor\u00eda T\u00e9cnica HVAC\" \/>\n<meta name=\"robots\" content=\"index, follow, max-snippet:-1, max-image-preview:large, max-video-preview:-1\" \/>\n<link rel=\"canonical\" href=\"https:\/\/aire-acondicionado-colombia.com\/\" \/>\n<meta property=\"og:locale\" content=\"es_ES\" \/>\n<meta property=\"og:type\" content=\"article\" \/>\n<meta property=\"og:title\" content=\"climatizaci\u00f3n - Aire Acondicionado Colombia\" \/>\n<meta property=\"og:description\" content=\"Sistemas de ventilaci\u00f3n mec\u00e1nica y aire acondicionado, Venta de equipos, Instalaci\u00f3n, Mantenimiento, Dise\u00f1o y Asesor\u00eda T\u00e9cnica HVAC\" \/>\n<meta property=\"og:url\" content=\"https:\/\/aire-acondicionado-colombia.com\/\" \/>\n<meta property=\"og:site_name\" content=\"Aire Acondicionado Colombia\" \/>\n<meta property=\"article:publisher\" content=\"https:\/\/www.facebook.com\/Ingenieria-Symaa-338432116700476\/\" \/>\n<meta property=\"article:modified_time\" content=\"2024-05-23T21:12:42+00:00\" \/>\n<meta name=\"twitter:card\" content=\"summary_large_image\" \/>\n<meta name=\"twitter:site\" content=\"@SymaaIngenieria\" \/>\n<meta name=\"twitter:label1\" content=\"Tiempo de lectura\" \/>\n\t<meta name=\"twitter:data1\" content=\"2 minutos\" \/>\n<script type=\"application\/ld+json\" class=\"yoast-schema-graph\">{\"@context\":\"https:\\\/\\\/schema.org\",\"@graph\":[{\"@type\":\"WebPage\",\"@id\":\"https:\\\/\\\/aire-acondicionado-colombia.com\\\/\",\"url\":\"https:\\\/\\\/aire-acondicionado-colombia.com\\\/\",\"name\":\"climatizaci\u00f3n - Aire Acondicionado Colombia\",\"isPartOf\":{\"@id\":\"https:\\\/\\\/aire-acondicionado-colombia.com\\\/#website\"},\"datePublished\":\"2023-08-31T00:02:03+00:00\",\"dateModified\":\"2024-05-23T21:12:42+00:00\",\"description\":\"Sistemas de ventilaci\u00f3n mec\u00e1nica y aire acondicionado, Venta de equipos, Instalaci\u00f3n, Mantenimiento, Dise\u00f1o y Asesor\u00eda T\u00e9cnica HVAC\",\"breadcrumb\":{\"@id\":\"https:\\\/\\\/aire-acondicionado-colombia.com\\\/#breadcrumb\"},\"inLanguage\":\"es\",\"potentialAction\":[{\"@type\":\"ReadAction\",\"target\":[\"https:\\\/\\\/aire-acondicionado-colombia.com\\\/\"]}]},{\"@type\":\"BreadcrumbList\",\"@id\":\"https:\\\/\\\/aire-acondicionado-colombia.com\\\/#breadcrumb\",\"itemListElement\":[{\"@type\":\"ListItem\",\"position\":1,\"name\":\"Portada\",\"item\":\"https:\\\/\\\/aire-acondicionado-colombia.com\\\/\"},{\"@type\":\"ListItem\",\"position\":2,\"name\":\"climatizaci\u00f3n\"}]},{\"@type\":\"WebSite\",\"@id\":\"https:\\\/\\\/aire-acondicionado-colombia.com\\\/#website\",\"url\":\"https:\\\/\\\/aire-acondicionado-colombia.com\\\/\",\"name\":\"Aire Acondicionado Colombia\",\"description\":\"Instalaci\u00f3n, dise\u00f1o, mantenimiento\",\"publisher\":{\"@id\":\"https:\\\/\\\/aire-acondicionado-colombia.com\\\/#organization\"},\"potentialAction\":[{\"@type\":\"SearchAction\",\"target\":{\"@type\":\"EntryPoint\",\"urlTemplate\":\"https:\\\/\\\/aire-acondicionado-colombia.com\\\/?s={search_term_string}\"},\"query-input\":{\"@type\":\"PropertyValueSpecification\",\"valueRequired\":true,\"valueName\":\"search_term_string\"}}],\"inLanguage\":\"es\"},{\"@type\":\"Organization\",\"@id\":\"https:\\\/\\\/aire-acondicionado-colombia.com\\\/#organization\",\"name\":\"Aire Acondicionado Colombia\",\"url\":\"https:\\\/\\\/aire-acondicionado-colombia.com\\\/\",\"logo\":{\"@type\":\"ImageObject\",\"inLanguage\":\"es\",\"@id\":\"https:\\\/\\\/aire-acondicionado-colombia.com\\\/#\\\/schema\\\/logo\\\/image\\\/\",\"url\":\"https:\\\/\\\/aire-acondicionado-colombia.com\\\/wp-content\\\/uploads\\\/2023\\\/08\\\/cropped-LOGOAACBN.png\",\"contentUrl\":\"https:\\\/\\\/aire-acondicionado-colombia.com\\\/wp-content\\\/uploads\\\/2023\\\/08\\\/cropped-LOGOAACBN.png\",\"width\":512,\"height\":512,\"caption\":\"Aire Acondicionado Colombia\"},\"image\":{\"@id\":\"https:\\\/\\\/aire-acondicionado-colombia.com\\\/#\\\/schema\\\/logo\\\/image\\\/\"},\"sameAs\":[\"https:\\\/\\\/www.facebook.com\\\/Ingenieria-Symaa-338432116700476\\\/\",\"https:\\\/\\\/x.com\\\/SymaaIngenieria\",\"https:\\\/\\\/www.instagram.com\\\/symaaing\\\/\"]}]}<\/script>\n<!-- \/ Yoast SEO plugin. -->","yoast_head_json":{"title":"climatizaci\u00f3n - Aire Acondicionado Colombia","description":"Sistemas de ventilaci\u00f3n mec\u00e1nica y aire acondicionado, Venta de equipos, Instalaci\u00f3n, Mantenimiento, Dise\u00f1o y Asesor\u00eda T\u00e9cnica HVAC","robots":{"index":"index","follow":"follow","max-snippet":"max-snippet:-1","max-image-preview":"max-image-preview:large","max-video-preview":"max-video-preview:-1"},"canonical":"https:\/\/aire-acondicionado-colombia.com\/","og_locale":"es_ES","og_type":"article","og_title":"climatizaci\u00f3n - Aire Acondicionado Colombia","og_description":"Sistemas de ventilaci\u00f3n mec\u00e1nica y aire acondicionado, Venta de equipos, Instalaci\u00f3n, Mantenimiento, Dise\u00f1o y Asesor\u00eda T\u00e9cnica HVAC","og_url":"https:\/\/aire-acondicionado-colombia.com\/","og_site_name":"Aire Acondicionado Colombia","article_publisher":"https:\/\/www.facebook.com\/Ingenieria-Symaa-338432116700476\/","article_modified_time":"2024-05-23T21:12:42+00:00","twitter_card":"summary_large_image","twitter_site":"@SymaaIngenieria","twitter_misc":{"Tiempo de lectura":"2 minutos"},"schema":{"@context":"https:\/\/schema.org","@graph":[{"@type":"WebPage","@id":"https:\/\/aire-acondicionado-colombia.com\/","url":"https:\/\/aire-acondicionado-colombia.com\/","name":"climatizaci\u00f3n - Aire Acondicionado Colombia","isPartOf":{"@id":"https:\/\/aire-acondicionado-colombia.com\/#website"},"datePublished":"2023-08-31T00:02:03+00:00","dateModified":"2024-05-23T21:12:42+00:00","description":"Sistemas de ventilaci\u00f3n mec\u00e1nica y aire acondicionado, Venta de equipos, Instalaci\u00f3n, Mantenimiento, Dise\u00f1o y Asesor\u00eda T\u00e9cnica HVAC","breadcrumb":{"@id":"https:\/\/aire-acondicionado-colombia.com\/#breadcrumb"},"inLanguage":"es","potentialAction":[{"@type":"ReadAction","target":["https:\/\/aire-acondicionado-colombia.com\/"]}]},{"@type":"BreadcrumbList","@id":"https:\/\/aire-acondicionado-colombia.com\/#breadcrumb","itemListElement":[{"@type":"ListItem","position":1,"name":"Portada","item":"https:\/\/aire-acondicionado-colombia.com\/"},{"@type":"ListItem","position":2,"name":"climatizaci\u00f3n"}]},{"@type":"WebSite","@id":"https:\/\/aire-acondicionado-colombia.com\/#website","url":"https:\/\/aire-acondicionado-colombia.com\/","name":"Aire Acondicionado Colombia","description":"Instalaci\u00f3n, dise\u00f1o, mantenimiento","publisher":{"@id":"https:\/\/aire-acondicionado-colombia.com\/#organization"},"potentialAction":[{"@type":"SearchAction","target":{"@type":"EntryPoint","urlTemplate":"https:\/\/aire-acondicionado-colombia.com\/?s={search_term_string}"},"query-input":{"@type":"PropertyValueSpecification","valueRequired":true,"valueName":"search_term_string"}}],"inLanguage":"es"},{"@type":"Organization","@id":"https:\/\/aire-acondicionado-colombia.com\/#organization","name":"Aire Acondicionado Colombia","url":"https:\/\/aire-acondicionado-colombia.com\/","logo":{"@type":"ImageObject","inLanguage":"es","@id":"https:\/\/aire-acondicionado-colombia.com\/#\/schema\/logo\/image\/","url":"https:\/\/aire-acondicionado-colombia.com\/wp-content\/uploads\/2023\/08\/cropped-LOGOAACBN.png","contentUrl":"https:\/\/aire-acondicionado-colombia.com\/wp-content\/uploads\/2023\/08\/cropped-LOGOAACBN.png","width":512,"height":512,"caption":"Aire Acondicionado Colombia"},"image":{"@id":"https:\/\/aire-acondicionado-colombia.com\/#\/schema\/logo\/image\/"},"sameAs":["https:\/\/www.facebook.com\/Ingenieria-Symaa-338432116700476\/","https:\/\/x.com\/SymaaIngenieria","https:\/\/www.instagram.com\/symaaing\/"]}]}},"_links":{"self":[{"href":"https:\/\/aire-acondicionado-colombia.com\/index.php\/wp-json\/wp\/v2\/pages\/8","targetHints":{"allow":["GET"]}}],"collection":[{"href":"https:\/\/aire-acondicionado-colombia.com\/index.php\/wp-json\/wp\/v2\/pages"}],"about":[{"href":"https:\/\/aire-acondicionado-colombia.com\/index.php\/wp-json\/wp\/v2\/types\/page"}],"author":[{"embeddable":true,"href":"https:\/\/aire-acondicionado-colombia.com\/index.php\/wp-json\/wp\/v2\/users\/1"}],"replies":[{"embeddable":true,"href":"https:\/\/aire-acondicionado-colombia.com\/index.php\/wp-json\/wp\/v2\/comments?post=8"}],"version-history":[{"count":65,"href":"https:\/\/aire-acondicionado-colombia.com\/index.php\/wp-json\/wp\/v2\/pages\/8\/revisions"}],"predecessor-version":[{"id":237,"href":"https:\/\/aire-acondicionado-colombia.com\/index.php\/wp-json\/wp\/v2\/pages\/8\/revisions\/237"}],"wp:attachment":[{"href":"https:\/\/aire-acondicionado-colombia.com\/index.php\/wp-json\/wp\/v2\/media?parent=8"}],"curies":[{"name":"wp","href":"https:\/\/api.w.org\/{rel}","templated":true}]}}